{"id":11301,"date":"2026-03-21T19:24:12","date_gmt":"2026-03-21T18:24:12","guid":{"rendered":"https:\/\/keijicars.com\/aviso-legal\/"},"modified":"2026-03-21T19:29:00","modified_gmt":"2026-03-21T18:29:00","slug":"aviso-legal","status":"publish","type":"page","link":"https:\/\/keijicars.com\/en\/aviso-legal\/","title":{"rendered":"Legal Notice"},"content":{"rendered":"\n<h1 class=\"wp-block-heading\">Legal Notice<\/h1>\n\n\n\n<hr class=\"wp-block-separator has-alpha-channel-opacity\"\/>\n\n\n\n<p><\/p>\n\n\n\n<h2 class=\"wp-block-heading\">1. Identification details<\/h2>\n\n\n\n<p>In accordance with applicable regulations, the following information is provided:<\/p>\n\n\n\n<ul class=\"wp-block-list\">\n<li>Website owner: <strong>Mr. Panpox Technologies<\/strong><\/li>\n\n\n\n<li>Email: <em><a href=\"mailto:info@keijicars.com\">info@keijicars.com<\/a><\/em><\/li>\n\n\n\n<li>Website: <a href=\"https:\/\/keijicars.com\/en\/\">https:\/\/keijicars.com<\/a><\/li>\n<\/ul>\n\n\n\n<h2 class=\"wp-block-heading\">2. Purpose<\/h2>\n\n\n\n<p>This website provides information about electric and hybrid vehicles, particularly from the Asian market.<\/p>\n\n\n\n<p>Accessing and using this website implies acceptance of these terms.<\/p>\n\n\n\n<h2 class=\"wp-block-heading\">3. Terms of use<\/h2>\n\n\n\n<p>The user agrees to use the website appropriately and not to:<\/p>\n\n\n\n<ul class=\"wp-block-list\">\n<li>Engage in illegal activities<\/li>\n\n\n\n<li>Distribute unlawful or harmful content<\/li>\n\n\n\n<li>Damage or interfere with the website<\/li>\n<\/ul>\n\n\n\n<h2 class=\"wp-block-heading\">4. Intellectual property<\/h2>\n\n\n\n<p>All content on this website (texts, images, design, code, etc.) is owned by the website owner or used under license.<\/p>\n\n\n\n<p>Unauthorized reproduction, distribution, or modification is prohibited.<\/p>\n\n\n\n<h2 class=\"wp-block-heading\">5. Liability<\/h2>\n\n\n\n<p>The website owner is not responsible for:<\/p>\n\n\n\n<ul class=\"wp-block-list\">\n<li>Errors or omissions in the content<\/li>\n\n\n\n<li>Website unavailability<\/li>\n\n\n\n<li>Damages resulting from the use of the information<\/li>\n<\/ul>\n\n\n\n<p>All content is provided for informational purposes only.<\/p>\n\n\n\n<h2 class=\"wp-block-heading\">6. External links<\/h2>\n\n\n\n<p>This website may contain links to third-party websites.<\/p>\n\n\n\n<p>We are not responsible for their content, operation, or privacy practices.<\/p>\n\n\n\n<h2 class=\"wp-block-heading\">7. Data protection<\/h2>\n\n\n\n<p>Personal data processing is governed by our Privacy Policy.<\/p>\n\n\n\n<h2 class=\"wp-block-heading\">8. Cookies<\/h2>\n\n\n\n<p>This website uses cookies. For more information, please refer to our Cookie Policy.<\/p>\n\n\n\n<h2 class=\"wp-block-heading\">9. Applicable law<\/h2>\n\n\n\n<p>This Legal Notice is governed by Spanish law.<\/p>\n\n\n\n<p>Any disputes will be subject to the competent courts in Spain.<\/p>\n","protected":false},"excerpt":{"rendered":"<p>Legal Notice 1. Identification details In accordance with applicable regulations, the following information is provided: 2. Purpose This website provides information about electric and hybrid vehicles, particularly from the Asian&#8230;<\/p>\n","protected":false},"author":3,"featured_media":0,"parent":0,"menu_order":0,"comment_status":"closed","ping_status":"closed","template":"","meta":{"_acf_changed":false,"footnotes":""},"class_list":["post-11301","page","type-page","status-publish"],"acf":[],"yoast_head":"<!-- This site is optimized with the Yoast SEO plugin v27.3 - https:\/\/yoast.com\/product\/yoast-seo-wordpress\/ -->\n<title>Legal Notice - Keijicars.com<\/title>\n<meta name=\"robots\" content=\"index, follow, max-snippet:-1, max-image-preview:large, max-video-preview:-1\" \/>\n<link rel=\"canonical\" href=\"https:\/\/keijicars.com\/en\/aviso-legal\/\" \/>\n<meta property=\"og:locale\" content=\"en_US\" \/>\n<meta property=\"og:type\" content=\"article\" \/>\n<meta property=\"og:title\" content=\"Legal Notice - Keijicars.com\" \/>\n<meta property=\"og:description\" content=\"Legal Notice 1. Identification details In accordance with applicable regulations, the following information is provided: 2. Purpose This website provides information about electric and hybrid vehicles, particularly from the Asian...\" \/>\n<meta property=\"og:url\" content=\"https:\/\/keijicars.com\/en\/aviso-legal\/\" \/>\n<meta property=\"og:site_name\" content=\"Keijicars.com\" \/>\n<meta property=\"article:modified_time\" content=\"2026-03-21T18:29:00+00:00\" \/>\n<meta name=\"twitter:card\" content=\"summary_large_image\" \/>\n<meta name=\"twitter:label1\" content=\"Est. reading time\" \/>\n\t<meta name=\"twitter:data1\" content=\"1 minute\" \/>\n<script type=\"application\/ld+json\" class=\"yoast-schema-graph\">{\"@context\":\"https:\\\/\\\/schema.org\",\"@graph\":[{\"@type\":\"WebPage\",\"@id\":\"https:\\\/\\\/keijicars.com\\\/en\\\/aviso-legal\\\/\",\"url\":\"https:\\\/\\\/keijicars.com\\\/en\\\/aviso-legal\\\/\",\"name\":\"Legal Notice - Keijicars.com\",\"isPartOf\":{\"@id\":\"https:\\\/\\\/keijicars.com\\\/#website\"},\"datePublished\":\"2026-03-21T18:24:12+00:00\",\"dateModified\":\"2026-03-21T18:29:00+00:00\",\"breadcrumb\":{\"@id\":\"https:\\\/\\\/keijicars.com\\\/en\\\/aviso-legal\\\/#breadcrumb\"},\"inLanguage\":\"en-US\",\"potentialAction\":[{\"@type\":\"ReadAction\",\"target\":[\"https:\\\/\\\/keijicars.com\\\/en\\\/aviso-legal\\\/\"]}]},{\"@type\":\"BreadcrumbList\",\"@id\":\"https:\\\/\\\/keijicars.com\\\/en\\\/aviso-legal\\\/#breadcrumb\",\"itemListElement\":[{\"@type\":\"ListItem\",\"position\":1,\"name\":\"Portada\",\"item\":\"https:\\\/\\\/keijicars.com\\\/\"},{\"@type\":\"ListItem\",\"position\":2,\"name\":\"Legal Notice\"}]},{\"@type\":\"WebSite\",\"@id\":\"https:\\\/\\\/keijicars.com\\\/#website\",\"url\":\"https:\\\/\\\/keijicars.com\\\/\",\"name\":\"Keijicars.com\",\"description\":\"Los mejores veh\u00edculos asi\u00e1ticos el\u00e9ctricos e h\u00edbridos\",\"publisher\":{\"@id\":\"https:\\\/\\\/keijicars.com\\\/#organization\"},\"potentialAction\":[{\"@type\":\"SearchAction\",\"target\":{\"@type\":\"EntryPoint\",\"urlTemplate\":\"https:\\\/\\\/keijicars.com\\\/?s={search_term_string}\"},\"query-input\":{\"@type\":\"PropertyValueSpecification\",\"valueRequired\":true,\"valueName\":\"search_term_string\"}}],\"inLanguage\":\"en-US\"},{\"@type\":\"Organization\",\"@id\":\"https:\\\/\\\/keijicars.com\\\/#organization\",\"name\":\"Keijicars.com\",\"url\":\"https:\\\/\\\/keijicars.com\\\/\",\"logo\":{\"@type\":\"ImageObject\",\"inLanguage\":\"en-US\",\"@id\":\"https:\\\/\\\/keijicars.com\\\/#\\\/schema\\\/logo\\\/image\\\/\",\"url\":\"https:\\\/\\\/keijicars.com\\\/wp-content\\\/uploads\\\/2026\\\/03\\\/logo_blue_transp.png\",\"contentUrl\":\"https:\\\/\\\/keijicars.com\\\/wp-content\\\/uploads\\\/2026\\\/03\\\/logo_blue_transp.png\",\"width\":791,\"height\":330,\"caption\":\"Keijicars.com\"},\"image\":{\"@id\":\"https:\\\/\\\/keijicars.com\\\/#\\\/schema\\\/logo\\\/image\\\/\"}}]}<\/script>\n<!-- \/ Yoast SEO plugin. -->","yoast_head_json":{"title":"Legal Notice - Keijicars.com","robots":{"index":"index","follow":"follow","max-snippet":"max-snippet:-1","max-image-preview":"max-image-preview:large","max-video-preview":"max-video-preview:-1"},"canonical":"https:\/\/keijicars.com\/en\/aviso-legal\/","og_locale":"en_US","og_type":"article","og_title":"Legal Notice - Keijicars.com","og_description":"Legal Notice 1. Identification details In accordance with applicable regulations, the following information is provided: 2. Purpose This website provides information about electric and hybrid vehicles, particularly from the Asian...","og_url":"https:\/\/keijicars.com\/en\/aviso-legal\/","og_site_name":"Keijicars.com","article_modified_time":"2026-03-21T18:29:00+00:00","twitter_card":"summary_large_image","twitter_misc":{"Est. reading time":"1 minute"},"schema":{"@context":"https:\/\/schema.org","@graph":[{"@type":"WebPage","@id":"https:\/\/keijicars.com\/en\/aviso-legal\/","url":"https:\/\/keijicars.com\/en\/aviso-legal\/","name":"Legal Notice - Keijicars.com","isPartOf":{"@id":"https:\/\/keijicars.com\/#website"},"datePublished":"2026-03-21T18:24:12+00:00","dateModified":"2026-03-21T18:29:00+00:00","breadcrumb":{"@id":"https:\/\/keijicars.com\/en\/aviso-legal\/#breadcrumb"},"inLanguage":"en-US","potentialAction":[{"@type":"ReadAction","target":["https:\/\/keijicars.com\/en\/aviso-legal\/"]}]},{"@type":"BreadcrumbList","@id":"https:\/\/keijicars.com\/en\/aviso-legal\/#breadcrumb","itemListElement":[{"@type":"ListItem","position":1,"name":"Portada","item":"https:\/\/keijicars.com\/"},{"@type":"ListItem","position":2,"name":"Legal Notice"}]},{"@type":"WebSite","@id":"https:\/\/keijicars.com\/#website","url":"https:\/\/keijicars.com\/","name":"Keijicars.com","description":"Los mejores veh\u00edculos asi\u00e1ticos el\u00e9ctricos e h\u00edbridos","publisher":{"@id":"https:\/\/keijicars.com\/#organization"},"potentialAction":[{"@type":"SearchAction","target":{"@type":"EntryPoint","urlTemplate":"https:\/\/keijicars.com\/?s={search_term_string}"},"query-input":{"@type":"PropertyValueSpecification","valueRequired":true,"valueName":"search_term_string"}}],"inLanguage":"en-US"},{"@type":"Organization","@id":"https:\/\/keijicars.com\/#organization","name":"Keijicars.com","url":"https:\/\/keijicars.com\/","logo":{"@type":"ImageObject","inLanguage":"en-US","@id":"https:\/\/keijicars.com\/#\/schema\/logo\/image\/","url":"https:\/\/keijicars.com\/wp-content\/uploads\/2026\/03\/logo_blue_transp.png","contentUrl":"https:\/\/keijicars.com\/wp-content\/uploads\/2026\/03\/logo_blue_transp.png","width":791,"height":330,"caption":"Keijicars.com"},"image":{"@id":"https:\/\/keijicars.com\/#\/schema\/logo\/image\/"}}]}},"_links":{"self":[{"href":"https:\/\/keijicars.com\/en\/wp-json\/wp\/v2\/pages\/11301","targetHints":{"allow":["GET"]}}],"collection":[{"href":"https:\/\/keijicars.com\/en\/wp-json\/wp\/v2\/pages"}],"about":[{"href":"https:\/\/keijicars.com\/en\/wp-json\/wp\/v2\/types\/page"}],"author":[{"embeddable":true,"href":"https:\/\/keijicars.com\/en\/wp-json\/wp\/v2\/users\/3"}],"replies":[{"embeddable":true,"href":"https:\/\/keijicars.com\/en\/wp-json\/wp\/v2\/comments?post=11301"}],"version-history":[{"count":2,"href":"https:\/\/keijicars.com\/en\/wp-json\/wp\/v2\/pages\/11301\/revisions"}],"predecessor-version":[{"id":11304,"href":"https:\/\/keijicars.com\/en\/wp-json\/wp\/v2\/pages\/11301\/revisions\/11304"}],"wp:attachment":[{"href":"https:\/\/keijicars.com\/en\/wp-json\/wp\/v2\/media?parent=11301"}],"curies":[{"name":"wp","href":"https:\/\/api.w.org\/{rel}","templated":true}]}}